{"id":55954,"date":"2023-07-05T15:36:14","date_gmt":"2023-07-05T15:36:14","guid":{"rendered":"https:\/\/www.endospheres.com\/contacts\/"},"modified":"2026-02-12T09:50:13","modified_gmt":"2026-02-12T09:50:13","slug":"contacte","status":"publish","type":"page","link":"https:\/\/www.endospheres.com\/ro\/contacte\/","title":{"rendered":"Contacte"},"content":{"rendered":"<p>Reprezentan\u021bii Endospheres\u00ae sunt disponibili pentru a v\u0103 ajuta cu \u00eentreb\u0103ri despre probleme comerciale, nevoi tehnice legate de dispozitive \u0219i afec\u021biuni medicale specifice.<\/p>\n","protected":false},"excerpt":{"rendered":"<p>Reprezentan\u021bii Endospheres\u00ae sunt disponibili pentru a v\u0103 ajuta cu \u00eentreb\u0103ri despre probleme comerciale, nevoi tehnice legate de dispozitive \u0219i afec\u021biuni medicale specifice.<\/p>\n","protected":false},"author":4,"featured_media":0,"parent":0,"menu_order":0,"comment_status":"closed","ping_status":"closed","template":"pages\/page-contacts.php","meta":{"_acf_changed":false,"_themeisle_gutenberg_block_has_review":false,"footnotes":""},"class_list":["post-55954","page","type-page","status-publish","hentry"],"acf":[],"yoast_head":"<!-- This site is optimized with the Yoast SEO plugin v26.4 - https:\/\/yoast.com\/wordpress\/plugins\/seo\/ -->\n<title>Contatti \u2022 Endospheres<\/title>\n<meta name=\"description\" content=\"Contatta il team Endospheres per informazioni o supporto sulla nostra tecnologia brevettata a Microvibrazione Compressiva\u00ae\" \/>\n<meta name=\"robots\" content=\"index, follow, max-snippet:-1, max-image-preview:large, max-video-preview:-1\" \/>\n<link rel=\"canonical\" href=\"https:\/\/www.endospheres.com\/ro\/contacte\/\" \/>\n<meta property=\"og:locale\" content=\"ro_RO\" \/>\n<meta property=\"og:type\" content=\"article\" \/>\n<meta property=\"og:title\" content=\"Contatti \u2022 Endospheres\" \/>\n<meta property=\"og:description\" content=\"Contatta il team Endospheres per informazioni o supporto sulla nostra tecnologia brevettata a Microvibrazione Compressiva\u00ae\" \/>\n<meta property=\"og:url\" content=\"https:\/\/www.endospheres.com\/ro\/contacte\/\" \/>\n<meta property=\"og:site_name\" content=\"Endospheres\" \/>\n<meta property=\"article:modified_time\" content=\"2026-02-12T09:50:13+00:00\" \/>\n<meta property=\"og:image\" content=\"https:\/\/endospherea191a68521.blob.core.windows.net\/blobendospherea191a68521\/2025\/05\/ENDOSPHERES_logo.png\" \/>\n\t<meta property=\"og:image:width\" content=\"1500\" \/>\n\t<meta property=\"og:image:height\" content=\"1042\" \/>\n\t<meta property=\"og:image:type\" content=\"image\/png\" \/>\n<meta name=\"twitter:card\" content=\"summary_large_image\" \/>\n<meta name=\"twitter:label1\" content=\"Timp estimat pentru citire\" \/>\n\t<meta name=\"twitter:data1\" content=\"1 minut\" \/>\n<script type=\"application\/ld+json\" class=\"yoast-schema-graph\">{\"@context\":\"https:\/\/schema.org\",\"@graph\":[{\"@type\":\"WebPage\",\"@id\":\"https:\/\/www.endospheres.com\/ro\/contacte\/\",\"url\":\"https:\/\/www.endospheres.com\/ro\/contacte\/\",\"name\":\"Contatti \u2022 Endospheres\",\"isPartOf\":{\"@id\":\"https:\/\/www.endospheres.com\/en\/#website\"},\"datePublished\":\"2023-07-05T15:36:14+00:00\",\"dateModified\":\"2026-02-12T09:50:13+00:00\",\"description\":\"Contatta il team Endospheres per informazioni o supporto sulla nostra tecnologia brevettata a Microvibrazione Compressiva\u00ae\",\"breadcrumb\":{\"@id\":\"https:\/\/www.endospheres.com\/ro\/contacte\/#breadcrumb\"},\"inLanguage\":\"ro-RO\",\"potentialAction\":[{\"@type\":\"ReadAction\",\"target\":[\"https:\/\/www.endospheres.com\/ro\/contacte\/\"]}]},{\"@type\":\"BreadcrumbList\",\"@id\":\"https:\/\/www.endospheres.com\/ro\/contacte\/#breadcrumb\",\"itemListElement\":[{\"@type\":\"ListItem\",\"position\":1,\"name\":\"Home\",\"item\":\"https:\/\/www.endospheres.com\/ro\/\"},{\"@type\":\"ListItem\",\"position\":2,\"name\":\"Contacte\"}]},{\"@type\":\"WebSite\",\"@id\":\"https:\/\/www.endospheres.com\/en\/#website\",\"url\":\"https:\/\/www.endospheres.com\/en\/\",\"name\":\"Endospheres\",\"description\":\"\",\"potentialAction\":[{\"@type\":\"SearchAction\",\"target\":{\"@type\":\"EntryPoint\",\"urlTemplate\":\"https:\/\/www.endospheres.com\/en\/?s={search_term_string}\"},\"query-input\":{\"@type\":\"PropertyValueSpecification\",\"valueRequired\":true,\"valueName\":\"search_term_string\"}}],\"inLanguage\":\"ro-RO\"}]}<\/script>\n<!-- \/ Yoast SEO plugin. -->","yoast_head_json":{"title":"Contatti \u2022 Endospheres","description":"Contatta il team Endospheres per informazioni o supporto sulla nostra tecnologia brevettata a Microvibrazione Compressiva\u00ae","robots":{"index":"index","follow":"follow","max-snippet":"max-snippet:-1","max-image-preview":"max-image-preview:large","max-video-preview":"max-video-preview:-1"},"canonical":"https:\/\/www.endospheres.com\/ro\/contacte\/","og_locale":"ro_RO","og_type":"article","og_title":"Contatti \u2022 Endospheres","og_description":"Contatta il team Endospheres per informazioni o supporto sulla nostra tecnologia brevettata a Microvibrazione Compressiva\u00ae","og_url":"https:\/\/www.endospheres.com\/ro\/contacte\/","og_site_name":"Endospheres","article_modified_time":"2026-02-12T09:50:13+00:00","og_image":[{"width":1500,"height":1042,"url":"https:\/\/endospherea191a68521.blob.core.windows.net\/blobendospherea191a68521\/2025\/05\/ENDOSPHERES_logo.png","type":"image\/png"}],"twitter_card":"summary_large_image","twitter_misc":{"Timp estimat pentru citire":"1 minut"},"schema":{"@context":"https:\/\/schema.org","@graph":[{"@type":"WebPage","@id":"https:\/\/www.endospheres.com\/ro\/contacte\/","url":"https:\/\/www.endospheres.com\/ro\/contacte\/","name":"Contatti \u2022 Endospheres","isPartOf":{"@id":"https:\/\/www.endospheres.com\/en\/#website"},"datePublished":"2023-07-05T15:36:14+00:00","dateModified":"2026-02-12T09:50:13+00:00","description":"Contatta il team Endospheres per informazioni o supporto sulla nostra tecnologia brevettata a Microvibrazione Compressiva\u00ae","breadcrumb":{"@id":"https:\/\/www.endospheres.com\/ro\/contacte\/#breadcrumb"},"inLanguage":"ro-RO","potentialAction":[{"@type":"ReadAction","target":["https:\/\/www.endospheres.com\/ro\/contacte\/"]}]},{"@type":"BreadcrumbList","@id":"https:\/\/www.endospheres.com\/ro\/contacte\/#breadcrumb","itemListElement":[{"@type":"ListItem","position":1,"name":"Home","item":"https:\/\/www.endospheres.com\/ro\/"},{"@type":"ListItem","position":2,"name":"Contacte"}]},{"@type":"WebSite","@id":"https:\/\/www.endospheres.com\/en\/#website","url":"https:\/\/www.endospheres.com\/en\/","name":"Endospheres","description":"","potentialAction":[{"@type":"SearchAction","target":{"@type":"EntryPoint","urlTemplate":"https:\/\/www.endospheres.com\/en\/?s={search_term_string}"},"query-input":{"@type":"PropertyValueSpecification","valueRequired":true,"valueName":"search_term_string"}}],"inLanguage":"ro-RO"}]}},"_links":{"self":[{"href":"https:\/\/www.endospheres.com\/ro\/wp-json\/wp\/v2\/pages\/55954","targetHints":{"allow":["GET"]}}],"collection":[{"href":"https:\/\/www.endospheres.com\/ro\/wp-json\/wp\/v2\/pages"}],"about":[{"href":"https:\/\/www.endospheres.com\/ro\/wp-json\/wp\/v2\/types\/page"}],"author":[{"embeddable":true,"href":"https:\/\/www.endospheres.com\/ro\/wp-json\/wp\/v2\/users\/4"}],"replies":[{"embeddable":true,"href":"https:\/\/www.endospheres.com\/ro\/wp-json\/wp\/v2\/comments?post=55954"}],"version-history":[{"count":3,"href":"https:\/\/www.endospheres.com\/ro\/wp-json\/wp\/v2\/pages\/55954\/revisions"}],"predecessor-version":[{"id":72894,"href":"https:\/\/www.endospheres.com\/ro\/wp-json\/wp\/v2\/pages\/55954\/revisions\/72894"}],"wp:attachment":[{"href":"https:\/\/www.endospheres.com\/ro\/wp-json\/wp\/v2\/media?parent=55954"}],"curies":[{"name":"wp","href":"https:\/\/api.w.org\/{rel}","templated":true}]}}