{"id":11854,"date":"2023-06-22T19:43:07","date_gmt":"2023-06-22T19:43:07","guid":{"rendered":"https:\/\/www.endospheres.com\/homepage\/"},"modified":"2026-01-01T14:18:09","modified_gmt":"2026-01-01T14:18:09","slug":"homepage","status":"publish","type":"page","link":"https:\/\/www.endospheres.com\/fr\/","title":{"rendered":"Homepage"},"content":{"rendered":"","protected":false},"excerpt":{"rendered":"","protected":false},"author":4,"featured_media":0,"parent":0,"menu_order":0,"comment_status":"closed","ping_status":"closed","template":"pages\/page-home.php","meta":{"_acf_changed":false,"_themeisle_gutenberg_block_has_review":false,"footnotes":""},"class_list":["post-11854","page","type-page","status-publish","hentry"],"acf":[],"yoast_head":"<!-- This site is optimized with the Yoast SEO plugin v26.4 - https:\/\/yoast.com\/wordpress\/plugins\/seo\/ -->\n<title>Endospheres \u2022 Traitements corps et visage<\/title>\n<meta name=\"description\" content=\"Une th\u00e9rapie qui agit sur plusieurs niveaux stimulant la r\u00e9g\u00e9n\u00e9ration cellulaire et intervenant sur les causes des inesth\u00e9tismes du corps et du visage.\" \/>\n<meta name=\"robots\" content=\"index, follow, max-snippet:-1, max-image-preview:large, max-video-preview:-1\" \/>\n<link rel=\"canonical\" href=\"https:\/\/www.endospheres.com\/fr\/\" \/>\n<meta property=\"og:locale\" content=\"fr_FR\" \/>\n<meta property=\"og:type\" content=\"article\" \/>\n<meta property=\"og:title\" content=\"Endospheres \u2022 Traitements corps et visage\" \/>\n<meta property=\"og:description\" content=\"Une th\u00e9rapie qui agit sur plusieurs niveaux stimulant la r\u00e9g\u00e9n\u00e9ration cellulaire et intervenant sur les causes des inesth\u00e9tismes du corps et du visage.\" \/>\n<meta property=\"og:url\" content=\"https:\/\/www.endospheres.com\/fr\/\" \/>\n<meta property=\"og:site_name\" content=\"Endospheres\" \/>\n<meta property=\"article:modified_time\" content=\"2026-01-01T14:18:09+00:00\" \/>\n<meta property=\"og:image\" content=\"https:\/\/endospherea191a68521.blob.core.windows.net\/blobendospherea191a68521\/2025\/05\/ENDOSPHERES_logo.png\" \/>\n\t<meta property=\"og:image:width\" content=\"1500\" \/>\n\t<meta property=\"og:image:height\" content=\"1042\" \/>\n\t<meta property=\"og:image:type\" content=\"image\/png\" \/>\n<meta name=\"twitter:card\" content=\"summary_large_image\" \/>\n<script type=\"application\/ld+json\" class=\"yoast-schema-graph\">{\"@context\":\"https:\/\/schema.org\",\"@graph\":[{\"@type\":\"WebPage\",\"@id\":\"https:\/\/www.endospheres.com\/fr\/\",\"url\":\"https:\/\/www.endospheres.com\/fr\/\",\"name\":\"Endospheres \u2022 Traitements corps et visage\",\"isPartOf\":{\"@id\":\"https:\/\/www.endospheres.com\/en\/#website\"},\"datePublished\":\"2023-06-22T19:43:07+00:00\",\"dateModified\":\"2026-01-01T14:18:09+00:00\",\"description\":\"Une th\u00e9rapie qui agit sur plusieurs niveaux stimulant la r\u00e9g\u00e9n\u00e9ration cellulaire et intervenant sur les causes des inesth\u00e9tismes du corps et du visage.\",\"breadcrumb\":{\"@id\":\"https:\/\/www.endospheres.com\/fr\/#breadcrumb\"},\"inLanguage\":\"fr-FR\",\"potentialAction\":[{\"@type\":\"ReadAction\",\"target\":[\"https:\/\/www.endospheres.com\/fr\/\"]}]},{\"@type\":\"BreadcrumbList\",\"@id\":\"https:\/\/www.endospheres.com\/fr\/#breadcrumb\",\"itemListElement\":[{\"@type\":\"ListItem\",\"position\":1,\"name\":\"Home\",\"item\":\"https:\/\/www.endospheres.com\/fr\/\"},{\"@type\":\"ListItem\",\"position\":2,\"name\":\"Homepage\"}]},{\"@type\":\"WebSite\",\"@id\":\"https:\/\/www.endospheres.com\/en\/#website\",\"url\":\"https:\/\/www.endospheres.com\/en\/\",\"name\":\"Endospheres\",\"description\":\"\",\"potentialAction\":[{\"@type\":\"SearchAction\",\"target\":{\"@type\":\"EntryPoint\",\"urlTemplate\":\"https:\/\/www.endospheres.com\/en\/?s={search_term_string}\"},\"query-input\":{\"@type\":\"PropertyValueSpecification\",\"valueRequired\":true,\"valueName\":\"search_term_string\"}}],\"inLanguage\":\"fr-FR\"}]}<\/script>\n<!-- \/ Yoast SEO plugin. -->","yoast_head_json":{"title":"Endospheres \u2022 Traitements corps et visage","description":"Une th\u00e9rapie qui agit sur plusieurs niveaux stimulant la r\u00e9g\u00e9n\u00e9ration cellulaire et intervenant sur les causes des inesth\u00e9tismes du corps et du visage.","robots":{"index":"index","follow":"follow","max-snippet":"max-snippet:-1","max-image-preview":"max-image-preview:large","max-video-preview":"max-video-preview:-1"},"canonical":"https:\/\/www.endospheres.com\/fr\/","og_locale":"fr_FR","og_type":"article","og_title":"Endospheres \u2022 Traitements corps et visage","og_description":"Une th\u00e9rapie qui agit sur plusieurs niveaux stimulant la r\u00e9g\u00e9n\u00e9ration cellulaire et intervenant sur les causes des inesth\u00e9tismes du corps et du visage.","og_url":"https:\/\/www.endospheres.com\/fr\/","og_site_name":"Endospheres","article_modified_time":"2026-01-01T14:18:09+00:00","og_image":[{"width":1500,"height":1042,"url":"https:\/\/endospherea191a68521.blob.core.windows.net\/blobendospherea191a68521\/2025\/05\/ENDOSPHERES_logo.png","type":"image\/png"}],"twitter_card":"summary_large_image","schema":{"@context":"https:\/\/schema.org","@graph":[{"@type":"WebPage","@id":"https:\/\/www.endospheres.com\/fr\/","url":"https:\/\/www.endospheres.com\/fr\/","name":"Endospheres \u2022 Traitements corps et visage","isPartOf":{"@id":"https:\/\/www.endospheres.com\/en\/#website"},"datePublished":"2023-06-22T19:43:07+00:00","dateModified":"2026-01-01T14:18:09+00:00","description":"Une th\u00e9rapie qui agit sur plusieurs niveaux stimulant la r\u00e9g\u00e9n\u00e9ration cellulaire et intervenant sur les causes des inesth\u00e9tismes du corps et du visage.","breadcrumb":{"@id":"https:\/\/www.endospheres.com\/fr\/#breadcrumb"},"inLanguage":"fr-FR","potentialAction":[{"@type":"ReadAction","target":["https:\/\/www.endospheres.com\/fr\/"]}]},{"@type":"BreadcrumbList","@id":"https:\/\/www.endospheres.com\/fr\/#breadcrumb","itemListElement":[{"@type":"ListItem","position":1,"name":"Home","item":"https:\/\/www.endospheres.com\/fr\/"},{"@type":"ListItem","position":2,"name":"Homepage"}]},{"@type":"WebSite","@id":"https:\/\/www.endospheres.com\/en\/#website","url":"https:\/\/www.endospheres.com\/en\/","name":"Endospheres","description":"","potentialAction":[{"@type":"SearchAction","target":{"@type":"EntryPoint","urlTemplate":"https:\/\/www.endospheres.com\/en\/?s={search_term_string}"},"query-input":{"@type":"PropertyValueSpecification","valueRequired":true,"valueName":"search_term_string"}}],"inLanguage":"fr-FR"}]}},"_links":{"self":[{"href":"https:\/\/www.endospheres.com\/fr\/wp-json\/wp\/v2\/pages\/11854","targetHints":{"allow":["GET"]}}],"collection":[{"href":"https:\/\/www.endospheres.com\/fr\/wp-json\/wp\/v2\/pages"}],"about":[{"href":"https:\/\/www.endospheres.com\/fr\/wp-json\/wp\/v2\/types\/page"}],"author":[{"embeddable":true,"href":"https:\/\/www.endospheres.com\/fr\/wp-json\/wp\/v2\/users\/4"}],"replies":[{"embeddable":true,"href":"https:\/\/www.endospheres.com\/fr\/wp-json\/wp\/v2\/comments?post=11854"}],"version-history":[{"count":19,"href":"https:\/\/www.endospheres.com\/fr\/wp-json\/wp\/v2\/pages\/11854\/revisions"}],"predecessor-version":[{"id":71760,"href":"https:\/\/www.endospheres.com\/fr\/wp-json\/wp\/v2\/pages\/11854\/revisions\/71760"}],"wp:attachment":[{"href":"https:\/\/www.endospheres.com\/fr\/wp-json\/wp\/v2\/media?parent=11854"}],"curies":[{"name":"wp","href":"https:\/\/api.w.org\/{rel}","templated":true}]}}